{"id":1867,"date":"2026-04-21T21:15:04","date_gmt":"2026-04-21T19:15:04","guid":{"rendered":"https:\/\/aitom-tourism.com\/?page_id=1867"},"modified":"2026-04-21T21:15:06","modified_gmt":"2026-04-21T19:15:06","slug":"aviso-legal","status":"publish","type":"page","link":"https:\/\/aitom-tourism.com\/es\/aviso-legal\/","title":{"rendered":"Aviso Legal"},"content":{"rendered":"<blockquote class=\"wp-block-quote is-layout-flow wp-block-quote-is-layout-flow\">\n<p><strong>1. Datos Identificativos<\/strong> En cumplimiento con el deber de informaci\u00f3n recogido en el art\u00edculo 10 de la Ley 34\/2002, de 11 de julio, de Servicios de la Sociedad de la Informaci\u00f3n y del Comercio Electr\u00f3nico, se reflejan los siguientes datos:<\/p>\n\n\n\n<ul class=\"wp-block-list\">\n<li><strong>Titular:<\/strong> Omar Ait lahcen<\/li>\n\n\n\n<li><strong>NIF\/NIE:<\/strong> X6391627l<\/li>\n\n\n\n<li><strong>Domicilio:<\/strong> Carrer Alacalde Segimon<\/li>\n\n\n\n<li><strong>Correo electr\u00f3nico:<\/strong> aitomtourism@gmail.com<\/li>\n\n\n\n<li><strong>Actividad:<\/strong> Aitom Tourism &#8211; Servicios de informaci\u00f3n y turismo.<\/li>\n<\/ul>\n\n\n\n<p><strong>2. Usuarios<\/strong> El acceso y\/o uso de este portal atribuye la condici\u00f3n de USUARIO, que acepta, desde dicho acceso y\/o uso, las Condiciones Generales de Uso aqu\u00ed reflejadas.<\/p>\n\n\n\n<p><strong>3. Protecci\u00f3n de Datos<\/strong> El titular cumple con las directrices del Reglamento General de Protecci\u00f3n de Datos (RGPD) y dem\u00e1s normativa vigente en cada momento, velando por garantizar un correcto uso y tratamiento de los datos personales del usuario.<\/p>\n\n\n\n<p><strong>4. Propiedad Intelectual e Industrial<\/strong> El sitio web, incluyendo a t\u00edtulo enunciativo pero no limitativo su programaci\u00f3n, edici\u00f3n, compilaci\u00f3n y dem\u00e1s elementos necesarios para su funcionamiento, son propiedad del titular.<\/p>\n<\/blockquote>","protected":false},"excerpt":{"rendered":"","protected":false},"author":1,"featured_media":0,"parent":0,"menu_order":0,"comment_status":"closed","ping_status":"closed","template":"","meta":{"_joinchat":[],"footnotes":""},"class_list":["post-1867","page","type-page","status-publish","hentry"],"_links":{"self":[{"href":"https:\/\/aitom-tourism.com\/es\/wp-json\/wp\/v2\/pages\/1867","targetHints":{"allow":["GET"]}}],"collection":[{"href":"https:\/\/aitom-tourism.com\/es\/wp-json\/wp\/v2\/pages"}],"about":[{"href":"https:\/\/aitom-tourism.com\/es\/wp-json\/wp\/v2\/types\/page"}],"author":[{"embeddable":true,"href":"https:\/\/aitom-tourism.com\/es\/wp-json\/wp\/v2\/users\/1"}],"replies":[{"embeddable":true,"href":"https:\/\/aitom-tourism.com\/es\/wp-json\/wp\/v2\/comments?post=1867"}],"version-history":[{"count":1,"href":"https:\/\/aitom-tourism.com\/es\/wp-json\/wp\/v2\/pages\/1867\/revisions"}],"predecessor-version":[{"id":1868,"href":"https:\/\/aitom-tourism.com\/es\/wp-json\/wp\/v2\/pages\/1867\/revisions\/1868"}],"wp:attachment":[{"href":"https:\/\/aitom-tourism.com\/es\/wp-json\/wp\/v2\/media?parent=1867"}],"curies":[{"name":"wp","href":"https:\/\/api.w.org\/{rel}","templated":true}]}}