{"id":1656,"date":"2026-04-17T19:11:24","date_gmt":"2026-04-17T17:11:24","guid":{"rendered":"https:\/\/aitom-tourism.com\/?page_id=1656"},"modified":"2026-04-20T18:44:19","modified_gmt":"2026-04-20T16:44:19","slug":"salou","status":"publish","type":"page","link":"https:\/\/aitom-tourism.com\/es\/salou\/","title":{"rendered":"Salou"},"content":{"rendered":"<div data-elementor-type=\"wp-page\" data-elementor-id=\"1656\" class=\"elementor elementor-1656\">\n\t\t\t\t<div class=\"elementor-element elementor-element-d7deec4 e-flex e-con-boxed wpr-particle-no wpr-jarallax-no wpr-parallax-no wpr-sticky-section-no wpr-equal-height-no e-con e-parent\" data-id=\"d7deec4\" data-element_type=\"container\" data-e-type=\"container\" data-settings=\"{&quot;background_background&quot;:&quot;classic&quot;}\">\n\t\t\t\t\t<div class=\"e-con-inner\">\n\t\t\t\t<div class=\"elementor-element elementor-element-ec0b2e4 elementor-widget elementor-widget-heading\" data-id=\"ec0b2e4\" data-element_type=\"widget\" data-e-type=\"widget\" data-widget_type=\"heading.default\">\n\t\t\t\t<div class=\"elementor-widget-container\">\n\t\t\t\t\t<h2 class=\"elementor-heading-title elementor-size-default\">Salou<\/h2>\t\t\t\t<\/div>\n\t\t\t\t<\/div>\n\t\t\t\t\t<\/div>\n\t\t\t\t<\/div>\n\t\t<div class=\"elementor-element elementor-element-f5368c7 e-flex e-con-boxed wpr-particle-no wpr-jarallax-no wpr-parallax-no wpr-sticky-section-no wpr-equal-height-no e-con e-parent\" data-id=\"f5368c7\" data-element_type=\"container\" data-e-type=\"container\" data-settings=\"{&quot;background_background&quot;:&quot;classic&quot;}\">\n\t\t\t\t\t<div class=\"e-con-inner\">\n\t\t<div class=\"elementor-element elementor-element-2269019 e-con-full e-flex wpr-particle-no wpr-jarallax-no wpr-parallax-no wpr-sticky-section-no wpr-equal-height-no e-con e-child\" data-id=\"2269019\" data-element_type=\"container\" data-e-type=\"container\" data-settings=\"{&quot;background_background&quot;:&quot;classic&quot;}\">\n\t\t\t\t<\/div>\n\t\t<div class=\"elementor-element elementor-element-f86a50f e-con-full e-flex wpr-particle-no wpr-jarallax-no wpr-parallax-no wpr-sticky-section-no wpr-equal-height-no e-con e-child\" data-id=\"f86a50f\" data-element_type=\"container\" data-e-type=\"container\">\n\t\t\t\t<div class=\"elementor-element elementor-element-5fe0dbb wpr-icon-box-center elementor-widget elementor-widget-wpr-icon-box\" data-id=\"5fe0dbb\" data-element_type=\"widget\" data-e-type=\"widget\" data-widget_type=\"wpr-icon-box.default\">\n\t\t\t\t<div class=\"elementor-widget-container\">\n\t\t\t\t\t<div class=\"wpr-icon-box-wrap\" enable-tilt=\"\" tilt-base=\"\" tilt-interaction=\"default\" tilt-disable=\"\" tilt-easing=\"linear\"><div class=\"wpr-icon-box wpr-animation-wrap\"><div class=\"wpr-icon-box-media-wrap\"><div class=\"wpr-icon-box-icon-inner-wrap\"><i aria-hidden=\"true\" class=\"fas fa-umbrella-beach\"><\/i><\/div><\/div><div class=\"wpr-icon-box-content-wrap\"><h2 class=\"wpr-icon-box-title\">Descubre Reus y Salou sin gastar de m\u00e1s: Gu\u00eda de viaje inteligente<\/h2><p class=\"wpr-icon-box-description\">\"La mayor\u00eda de la gente solo conoce la concurrida 'Playa de Levante'. Pero si realmente quieres sentir la esencia del Mediterr\u00e1neo, tienes que recorrer el 'Camino de Ronda'.\n\nEl secreto local: Camina hacia el Cap Salou hasta llegar a Cala Crancs. Es una aut\u00e9ntica joya escondida, rodeada de pinos y aguas cristalinas. \u00a1Sentir\u00e1s como si estuvieras en tu propia isla privada!\n\nDespu\u00e9s de un buen ba\u00f1o, puedes volver al Carrer de Saragossa si buscas el ambiente tur\u00edstico; pero, para vivir un atardecer inolvidable, te recomiendo tomar algo en uno de los peque\u00f1os 'chiringuitos' cerca de la Platja dels Llenguadets.\"<\/p><div class=\"wpr-icon-box-btn-wrap\"><a class=\"wpr-icon-box-btn\" href=\"https:\/\/www.booking.com\/\" target=\"_blank\" rel=\"nofollow noopener\"><span class=\"wpr-icon-box-btn-text\">Check Best Beachfront Hotels in Salou<\/span><\/a><\/div><\/div><\/div>\n\t\t\t<div class=\"wpr-icon-box-badge wpr-icon-box-badge-corner wpr-icon-box-badge-right\">\n\t\t\t\t<div class=\"wpr-icon-box-badge-inner\">Hot<\/div>\n\t\t\t<\/div>\n\t\t<\/div>\t\t\t\t<\/div>\n\t\t\t\t<\/div>\n\t\t\t\t<\/div>\n\t\t\t\t\t<\/div>\n\t\t\t\t<\/div>\n\t\t\t\t<\/div>","protected":false},"excerpt":{"rendered":"<p>Salou More than just Parties \u2014 The Secret Turquoise Coves &#8220;Most people only see the crowded &#8216;Playa de Levante&#8217;. But if you want to experience the real Mediterranean vibe, you have to follow the Camino de Ronda. The Local Hack: Walk towards Cap Salou until you find Cala Crancs. It\u2019s a hidden gem surrounded by pine trees and crystal-clear water. It feels like a private island! After your swim, head back to Carrer de Saragossa only if you want the tourist vibe, but for a real sunset experience, grab a drink at one of the small &#8216;Chiringuitos&#8217; near Platja dels Llenguadets.&#8221; Check Best Beachfront Hotels in Salou Hot<\/p>","protected":false},"author":1,"featured_media":0,"parent":0,"menu_order":0,"comment_status":"closed","ping_status":"closed","template":"","meta":{"_joinchat":[],"footnotes":""},"class_list":["post-1656","page","type-page","status-publish","hentry"],"_links":{"self":[{"href":"https:\/\/aitom-tourism.com\/es\/wp-json\/wp\/v2\/pages\/1656","targetHints":{"allow":["GET"]}}],"collection":[{"href":"https:\/\/aitom-tourism.com\/es\/wp-json\/wp\/v2\/pages"}],"about":[{"href":"https:\/\/aitom-tourism.com\/es\/wp-json\/wp\/v2\/types\/page"}],"author":[{"embeddable":true,"href":"https:\/\/aitom-tourism.com\/es\/wp-json\/wp\/v2\/users\/1"}],"replies":[{"embeddable":true,"href":"https:\/\/aitom-tourism.com\/es\/wp-json\/wp\/v2\/comments?post=1656"}],"version-history":[{"count":11,"href":"https:\/\/aitom-tourism.com\/es\/wp-json\/wp\/v2\/pages\/1656\/revisions"}],"predecessor-version":[{"id":1801,"href":"https:\/\/aitom-tourism.com\/es\/wp-json\/wp\/v2\/pages\/1656\/revisions\/1801"}],"wp:attachment":[{"href":"https:\/\/aitom-tourism.com\/es\/wp-json\/wp\/v2\/media?parent=1656"}],"curies":[{"name":"wp","href":"https:\/\/api.w.org\/{rel}","templated":true}]}}