{"id":1615,"date":"2026-04-17T11:34:46","date_gmt":"2026-04-17T09:34:46","guid":{"rendered":"https:\/\/aitom-tourism.com\/?page_id=1615"},"modified":"2026-04-20T18:48:39","modified_gmt":"2026-04-20T16:48:39","slug":"portaventura-budget-tips","status":"publish","type":"page","link":"https:\/\/aitom-tourism.com\/es\/portaventura-budget-tips\/","title":{"rendered":"La Pineda"},"content":{"rendered":"<div data-elementor-type=\"wp-page\" data-elementor-id=\"1615\" class=\"elementor elementor-1615\">\n\t\t\t\t<div class=\"elementor-element elementor-element-0acd6dc e-flex e-con-boxed wpr-particle-no wpr-jarallax-no wpr-parallax-no wpr-sticky-section-no wpr-equal-height-no e-con e-parent\" data-id=\"0acd6dc\" data-element_type=\"container\" data-e-type=\"container\" data-settings=\"{&quot;background_background&quot;:&quot;classic&quot;}\">\n\t\t\t\t\t<div class=\"e-con-inner\">\n\t\t\t\t<div class=\"elementor-element elementor-element-5a6be33 elementor-widget elementor-widget-heading\" data-id=\"5a6be33\" data-element_type=\"widget\" data-e-type=\"widget\" data-widget_type=\"heading.default\">\n\t\t\t\t<div class=\"elementor-widget-container\">\n\t\t\t\t\t<h2 class=\"elementor-heading-title elementor-size-default\">La Pineda<\/h2>\t\t\t\t<\/div>\n\t\t\t\t<\/div>\n\t\t\t\t\t<\/div>\n\t\t\t\t<\/div>\n\t\t<div class=\"elementor-element elementor-element-5073c48 e-flex e-con-boxed wpr-particle-no wpr-jarallax-no wpr-parallax-no wpr-sticky-section-no wpr-equal-height-no e-con e-parent\" data-id=\"5073c48\" data-element_type=\"container\" data-e-type=\"container\">\n\t\t\t\t\t<div class=\"e-con-inner\">\n\t\t<div class=\"elementor-element elementor-element-97b4e5a e-con-full e-flex wpr-particle-no wpr-jarallax-no wpr-parallax-no wpr-sticky-section-no wpr-equal-height-no e-con e-child\" data-id=\"97b4e5a\" data-element_type=\"container\" data-e-type=\"container\" data-settings=\"{&quot;background_background&quot;:&quot;classic&quot;}\">\n\t\t\t\t<\/div>\n\t\t<div class=\"elementor-element elementor-element-febc535 e-con-full e-flex wpr-particle-no wpr-jarallax-no wpr-parallax-no wpr-sticky-section-no wpr-equal-height-no e-con e-child\" data-id=\"febc535\" data-element_type=\"container\" data-e-type=\"container\">\n\t\t\t\t<div class=\"elementor-element elementor-element-5c3c6b4 wpr-icon-box-center elementor-widget elementor-widget-wpr-icon-box\" data-id=\"5c3c6b4\" data-element_type=\"widget\" data-e-type=\"widget\" data-widget_type=\"wpr-icon-box.default\">\n\t\t\t\t<div class=\"elementor-widget-container\">\n\t\t\t\t\t<div class=\"wpr-icon-box-wrap\" enable-tilt=\"\" tilt-base=\"\" tilt-interaction=\"default\" tilt-disable=\"\" tilt-easing=\"linear\"><div class=\"wpr-icon-box wpr-animation-wrap\"><div class=\"wpr-icon-box-media-wrap\"><div class=\"wpr-icon-box-icon-inner-wrap\"><i aria-hidden=\"true\" class=\"fas fa-umbrella-beach\"><\/i><\/div><\/div><div class=\"wpr-icon-box-content-wrap\"><h2 class=\"wpr-icon-box-title\">La Pineda: Arenas doradas y PortAventura a un paso<\/h2><p class=\"wpr-icon-box-description\">\"\u00bfBuscas el equilibrio perfecto? La Pineda te ofrece la playa m\u00e1s tranquila de la costa, y a la vez, es la 'puerta trasera' secreta para llegar a PortAventura World. Mientras la mayor\u00eda de los turistas se alojan en hoteles masificados dentro del parque, los viajeros inteligentes se quedan aqu\u00ed para disfrutar de la brisa marina.\n\nEl truco para PortAventura: Desde La Pineda, est\u00e1s a solo 5 minutos en taxi o autob\u00fas de la entrada del parque. Podr\u00e1s pasar la ma\u00f1ana gritando de emoci\u00f3n en la Shambhala y la tarde refresc\u00e1ndote en las aguas cristalinas del Mediterr\u00e1neo.\n\n\u00bfPor qu\u00e9 alojarse aqu\u00ed? Es m\u00e1s barato, m\u00e1s tranquilo y obtienes lo mejor de dos mundos: la adrenalina del mejor parque tem\u00e1tico de Europa y la paz de una playa con Bandera Azul. \u00a1Y no olvides visitar Aquopolis, el parque acu\u00e1tico situado justo en el coraz\u00f3n de La Pineda!\"<\/p><div class=\"wpr-icon-box-btn-wrap\"><a class=\"wpr-icon-box-btn\"target=\"_blank\" rel=\"nofollow\"><span class=\"wpr-icon-box-btn-text\">Buy PortAventura Tickets Now<\/span><\/a><\/div><\/div><\/div>\n\t\t\t<div class=\"wpr-icon-box-badge wpr-icon-box-badge-corner wpr-icon-box-badge-right\">\n\t\t\t\t<div class=\"wpr-icon-box-badge-inner\">Hot<\/div>\n\t\t\t<\/div>\n\t\t<\/div>\t\t\t\t<\/div>\n\t\t\t\t<\/div>\n\t\t\t\t<\/div>\n\t\t\t\t\t<\/div>\n\t\t\t\t<\/div>\n\t\t\t\t<\/div>","protected":false},"excerpt":{"rendered":"<p>La Pineda La Pineda: Golden Sands &amp; PortAventura at Your Doorstep &#8220;Looking for the perfect balance? La Pineda offers the calmest beach on the coast, but it\u2019s also the secret &#8216;backdoor&#8217; to PortAventura World. While most tourists stay in crowded hotels inside the park, smart travelers stay here to enjoy the sea breeze. The PortAventura Hack: From La Pineda, you are just a 5-minute taxi or bus ride from the park entrance. You can spend your morning screaming on Shambhala and your afternoon cooling off in the crystal-clear waters of the Mediterranean. Why stay here? It&#8217;s cheaper, quieter, and you get the best of both worlds: the adrenaline of Europe\u2019s best theme park and the relaxation of a Blue Flag beach. Don&#8217;t forget to check out Aquopolis, the water park located right in the heart of La Pineda! Buy PortAventura Tickets Now Hot<\/p>","protected":false},"author":1,"featured_media":0,"parent":0,"menu_order":0,"comment_status":"closed","ping_status":"closed","template":"","meta":{"_joinchat":[],"footnotes":""},"class_list":["post-1615","page","type-page","status-publish","hentry"],"_links":{"self":[{"href":"https:\/\/aitom-tourism.com\/es\/wp-json\/wp\/v2\/pages\/1615","targetHints":{"allow":["GET"]}}],"collection":[{"href":"https:\/\/aitom-tourism.com\/es\/wp-json\/wp\/v2\/pages"}],"about":[{"href":"https:\/\/aitom-tourism.com\/es\/wp-json\/wp\/v2\/types\/page"}],"author":[{"embeddable":true,"href":"https:\/\/aitom-tourism.com\/es\/wp-json\/wp\/v2\/users\/1"}],"replies":[{"embeddable":true,"href":"https:\/\/aitom-tourism.com\/es\/wp-json\/wp\/v2\/comments?post=1615"}],"version-history":[{"count":17,"href":"https:\/\/aitom-tourism.com\/es\/wp-json\/wp\/v2\/pages\/1615\/revisions"}],"predecessor-version":[{"id":1810,"href":"https:\/\/aitom-tourism.com\/es\/wp-json\/wp\/v2\/pages\/1615\/revisions\/1810"}],"wp:attachment":[{"href":"https:\/\/aitom-tourism.com\/es\/wp-json\/wp\/v2\/media?parent=1615"}],"curies":[{"name":"wp","href":"https:\/\/api.w.org\/{rel}","templated":true}]}}