{"id":1613,"date":"2026-04-17T11:34:19","date_gmt":"2026-04-17T09:34:19","guid":{"rendered":"https:\/\/aitom-tourism.com\/?page_id=1613"},"modified":"2026-04-21T00:07:26","modified_gmt":"2026-04-20T22:07:26","slug":"where-to-stay-local-secrets","status":"publish","type":"page","link":"https:\/\/aitom-tourism.com\/es\/where-to-stay-local-secrets\/","title":{"rendered":"Reus"},"content":{"rendered":"<div data-elementor-type=\"wp-page\" data-elementor-id=\"1613\" class=\"elementor elementor-1613\">\n\t\t\t\t<div class=\"elementor-element elementor-element-cfdbe06 e-flex e-con-boxed wpr-particle-no wpr-jarallax-no wpr-parallax-no wpr-sticky-section-no wpr-equal-height-no e-con e-parent\" data-id=\"cfdbe06\" data-element_type=\"container\" data-e-type=\"container\" data-settings=\"{&quot;background_background&quot;:&quot;classic&quot;}\">\n\t\t\t\t\t<div class=\"e-con-inner\">\n\t\t\t\t<div class=\"elementor-element elementor-element-66640f7 elementor-widget elementor-widget-heading\" data-id=\"66640f7\" data-element_type=\"widget\" data-e-type=\"widget\" data-widget_type=\"heading.default\">\n\t\t\t\t<div class=\"elementor-widget-container\">\n\t\t\t\t\t<h2 class=\"elementor-heading-title elementor-size-default\">Reus<\/h2>\t\t\t\t<\/div>\n\t\t\t\t<\/div>\n\t\t\t\t\t<\/div>\n\t\t\t\t<\/div>\n\t\t<div class=\"elementor-element elementor-element-d21c783 e-flex e-con-boxed wpr-particle-no wpr-jarallax-no wpr-parallax-no wpr-sticky-section-no wpr-equal-height-no e-con e-parent\" data-id=\"d21c783\" data-element_type=\"container\" data-e-type=\"container\">\n\t\t\t\t\t<div class=\"e-con-inner\">\n\t\t<div class=\"elementor-element elementor-element-b3a4310 e-con-full e-flex wpr-particle-no wpr-jarallax-no wpr-parallax-no wpr-sticky-section-no wpr-equal-height-no e-con e-child\" data-id=\"b3a4310\" data-element_type=\"container\" data-e-type=\"container\" data-settings=\"{&quot;background_background&quot;:&quot;classic&quot;}\">\n\t\t\t\t<\/div>\n\t\t<div class=\"elementor-element elementor-element-6727996 e-con-full e-flex wpr-particle-no wpr-jarallax-no wpr-parallax-no wpr-sticky-section-no wpr-equal-height-no e-con e-child\" data-id=\"6727996\" data-element_type=\"container\" data-e-type=\"container\">\n\t\t\t\t<div class=\"elementor-element elementor-element-81e294b wpr-icon-box-center elementor-widget elementor-widget-wpr-icon-box\" data-id=\"81e294b\" data-element_type=\"widget\" data-e-type=\"widget\" data-widget_type=\"wpr-icon-box.default\">\n\t\t\t\t<div class=\"elementor-widget-container\">\n\t\t\t\t\t<div class=\"wpr-icon-box-wrap\" enable-tilt=\"\" tilt-base=\"\" tilt-interaction=\"default\" tilt-disable=\"\" tilt-easing=\"linear\"><div class=\"wpr-icon-box wpr-animation-wrap\"><div class=\"wpr-icon-box-media-wrap\"><div class=\"wpr-icon-box-icon-inner-wrap\"><i aria-hidden=\"true\" class=\"fas fa-city\"><\/i><\/div><\/div><div class=\"wpr-icon-box-content-wrap\"><h2 class=\"wpr-icon-box-title\">La capital secreta de Gaud\u00ed y del Vermut<\/h2><p class=\"wpr-icon-box-description\">\"La mayor\u00eda de los viajeros aterrizan en el aeropuerto y corren directamente a la playa, perdi\u00e9ndose una joya del Mediterr\u00e1neo. Reus es la cuna de Antoni Gaud\u00ed y sus calles son un aut\u00e9ntico museo vivo de arquitectura modernista.\n\nEl ritual local: No te puedes ir sin probar el 'Vermut'. Dir\u00edgete a la Pla\u00e7a del Mercadal al mediod\u00eda, si\u00e9ntate en una terraza y pide un vermut de Reus con aceitunas y patatas fritas. Es la forma m\u00e1s aut\u00e9ntica de empezar el d\u00eda como un aut\u00e9ntico reusense.\n\nUn truco arquitect\u00f3nico: Pasea por el Carrer de Llovera y el Carrer de Monterols. Descubrir\u00e1s edificios espectaculares que rivalizan con los de Barcelona, pero sin las aglomeraciones de turistas.\"<\/p><div class=\"wpr-icon-box-btn-wrap\"><a class=\"wpr-icon-box-btn\"target=\"_blank\" rel=\"nofollow\"><span class=\"wpr-icon-box-btn-text\">Instants Boutique Hotel<\/span><\/a><\/div><\/div><\/div>\n\t\t\t<div class=\"wpr-icon-box-badge wpr-icon-box-badge-corner wpr-icon-box-badge-right\">\n\t\t\t\t<div class=\"wpr-icon-box-badge-inner\">Hot<\/div>\n\t\t\t<\/div>\n\t\t<\/div>\t\t\t\t<\/div>\n\t\t\t\t<\/div>\n\t\t\t\t<\/div>\n\t\t\t\t\t<\/div>\n\t\t\t\t<\/div>\n\t\t\t\t<\/div>","protected":false},"excerpt":{"rendered":"<p>Reus The Secret Capital of Gaud\u00ed &amp; Vermouth &#8220;Most travelers just land at the airport and rush to the beach. They are missing a Mediterranean gem. Reus is the birthplace of Antoni Gaud\u00ed, and its streets are a living museum of Modernist architecture. The Local Ritual: Don&#8217;t leave without doing the &#8216;Vermut&#8217;. Head to Pla\u00e7a del Mercadal around midday. Sit at a terrace and order a local Reus Vermouth with olives and chips. It&#8217;s the most authentic way to start your day like a true local. Architecture Hack: Take a walk down Carrer de Llovera and Carrer de Monterols. You\u2019ll see stunning buildings that rival Barcelona, but without the annoying crowds Find Boutique Hotels in Reus Center Hot<\/p>","protected":false},"author":1,"featured_media":0,"parent":0,"menu_order":0,"comment_status":"closed","ping_status":"closed","template":"","meta":{"_joinchat":[],"footnotes":""},"class_list":["post-1613","page","type-page","status-publish","hentry"],"_links":{"self":[{"href":"https:\/\/aitom-tourism.com\/es\/wp-json\/wp\/v2\/pages\/1613","targetHints":{"allow":["GET"]}}],"collection":[{"href":"https:\/\/aitom-tourism.com\/es\/wp-json\/wp\/v2\/pages"}],"about":[{"href":"https:\/\/aitom-tourism.com\/es\/wp-json\/wp\/v2\/types\/page"}],"author":[{"embeddable":true,"href":"https:\/\/aitom-tourism.com\/es\/wp-json\/wp\/v2\/users\/1"}],"replies":[{"embeddable":true,"href":"https:\/\/aitom-tourism.com\/es\/wp-json\/wp\/v2\/comments?post=1613"}],"version-history":[{"count":28,"href":"https:\/\/aitom-tourism.com\/es\/wp-json\/wp\/v2\/pages\/1613\/revisions"}],"predecessor-version":[{"id":1845,"href":"https:\/\/aitom-tourism.com\/es\/wp-json\/wp\/v2\/pages\/1613\/revisions\/1845"}],"wp:attachment":[{"href":"https:\/\/aitom-tourism.com\/es\/wp-json\/wp\/v2\/media?parent=1613"}],"curies":[{"name":"wp","href":"https:\/\/api.w.org\/{rel}","templated":true}]}}