{"id":1611,"date":"2026-04-17T11:33:38","date_gmt":"2026-04-17T09:33:38","guid":{"rendered":"https:\/\/aitom-tourism.com\/?page_id=1611"},"modified":"2026-04-20T18:54:51","modified_gmt":"2026-04-20T16:54:51","slug":"reus-airport-transport","status":"publish","type":"page","link":"https:\/\/aitom-tourism.com\/es\/reus-airport-transport\/","title":{"rendered":"Cambrils"},"content":{"rendered":"<div data-elementor-type=\"wp-page\" data-elementor-id=\"1611\" class=\"elementor elementor-1611\">\n\t\t\t\t<div class=\"elementor-element elementor-element-cbaaae0 e-flex e-con-boxed wpr-particle-no wpr-jarallax-no wpr-parallax-no wpr-sticky-section-no wpr-equal-height-no e-con e-parent\" data-id=\"cbaaae0\" data-element_type=\"container\" data-e-type=\"container\" data-settings=\"{&quot;background_background&quot;:&quot;classic&quot;}\">\n\t\t\t\t\t<div class=\"e-con-inner\">\n\t\t\t\t<div class=\"elementor-element elementor-element-9a5e69c elementor-widget elementor-widget-heading\" data-id=\"9a5e69c\" data-element_type=\"widget\" data-e-type=\"widget\" data-widget_type=\"heading.default\">\n\t\t\t\t<div class=\"elementor-widget-container\">\n\t\t\t\t\t<h2 class=\"elementor-heading-title elementor-size-default\">Cambrils<\/h2>\t\t\t\t<\/div>\n\t\t\t\t<\/div>\n\t\t\t\t\t<\/div>\n\t\t\t\t<\/div>\n\t\t<div class=\"elementor-element elementor-element-6520580 e-flex e-con-boxed wpr-particle-no wpr-jarallax-no wpr-parallax-no wpr-sticky-section-no wpr-equal-height-no e-con e-parent\" data-id=\"6520580\" data-element_type=\"container\" data-e-type=\"container\" data-settings=\"{&quot;background_background&quot;:&quot;classic&quot;}\">\n\t\t\t\t\t<div class=\"e-con-inner\">\n\t\t<div class=\"elementor-element elementor-element-f6a3f5b e-con-full e-flex wpr-particle-no wpr-jarallax-no wpr-parallax-no wpr-sticky-section-no wpr-equal-height-no e-con e-child\" data-id=\"f6a3f5b\" data-element_type=\"container\" data-e-type=\"container\">\n\t\t<div class=\"elementor-element elementor-element-071c938 e-con-full e-flex wpr-particle-no wpr-jarallax-no wpr-parallax-no wpr-sticky-section-no wpr-equal-height-no e-con e-child\" data-id=\"071c938\" data-element_type=\"container\" data-e-type=\"container\">\n\t\t\t\t<div class=\"elementor-element elementor-element-6cd774f wpr-icon-box-center elementor-widget elementor-widget-wpr-icon-box\" data-id=\"6cd774f\" data-element_type=\"widget\" data-e-type=\"widget\" data-widget_type=\"wpr-icon-box.default\">\n\t\t\t\t<div class=\"elementor-widget-container\">\n\t\t\t\t\t<div class=\"wpr-icon-box-wrap\" enable-tilt=\"\" tilt-base=\"\" tilt-interaction=\"default\" tilt-disable=\"\" tilt-easing=\"linear\"><div class=\"wpr-icon-box wpr-animation-wrap\"><div class=\"wpr-icon-box-media-wrap\"><div class=\"wpr-icon-box-icon-inner-wrap\"><i aria-hidden=\"true\" class=\"fas fa-fish\"><\/i><\/div><\/div><div class=\"wpr-icon-box-content-wrap\"><h2 class=\"wpr-icon-box-title\">La cena secreta del puerto: Del barco a la mesa \u2693\ud83e\udd90<\/h2><p class=\"wpr-icon-box-description\">\"La mayor\u00eda de los turistas caen en la trampa de las terrazas sobrevaloradas del Passeig Mar\u00edtim. No seas uno de ellos. Para disfrutar de la verdadera experiencia, ad\u00e9ntrate en las estrechas calles del Barri de la Marina.\n\nPasa el puerto principal y busca el Carrer de les Barques o el Carrer de Sant Pere. Ah\u00ed es donde ocurre la magia. Sobre las 16:30, ver\u00e1s los barcos de pesca azules atracando en la Llotja.\n\nOlvida los men\u00fas lujosos y busca las peque\u00f1as tabernas de manteles de papel y sillas de madera vieja. Si ves a gente local de pie con una copa de vino blanco y un plato de Gambas de Cambrils o fritura, est\u00e1s en el lugar correcto. Comer\u00e1s como un rey por la mitad de precio que en los restaurantes de primera l\u00ednea de mar.\"<\/p><div class=\"wpr-icon-box-btn-wrap\"><a class=\"wpr-icon-box-btn\"target=\"_blank\" rel=\"nofollow\"><span class=\"wpr-icon-box-btn-text\">Find Quiet Hotels in Cambrils<\/span><\/a><\/div><\/div><\/div>\n\t\t\t<div class=\"wpr-icon-box-badge wpr-icon-box-badge-corner wpr-icon-box-badge-right\">\n\t\t\t\t<div class=\"wpr-icon-box-badge-inner\">Hot<\/div>\n\t\t\t<\/div>\n\t\t<\/div>\t\t\t\t<\/div>\n\t\t\t\t<\/div>\n\t\t\t\t<\/div>\n\t\t\t\t<\/div>\n\t\t<div class=\"elementor-element elementor-element-a267a93 e-con-full e-flex wpr-particle-no wpr-jarallax-no wpr-parallax-no wpr-sticky-section-no wpr-equal-height-no e-con e-child\" data-id=\"a267a93\" data-element_type=\"container\" data-e-type=\"container\" data-settings=\"{&quot;background_background&quot;:&quot;classic&quot;}\">\n\t\t\t\t<\/div>\n\t\t\t\t\t<\/div>\n\t\t\t\t<\/div>\n\t\t\t\t<\/div>","protected":false},"excerpt":{"rendered":"<p>Cambrils The Secret Port Dinner: From Boat to Table \u2693\ud83e\udd90 &#8220;Most tourists get trapped in the overpriced terraces of Passeig Mar\u00edtim. Don&#8217;t be one of them. For the real deal, head to the narrow streets of El Barri de la Marina. Walk past the main port and look for Carrer de les Barques or Carrer de Sant Pere. This is where the magic happens. Around 16:30, you&#8217;ll see the blue fishing boats docking at the Llotja. Skip the fancy menus and find the small taverns with paper tablecloths and old wooden chairs. If you see locals standing with a glass of white wine and a plate of Gambas de Cambrils or Fritura, you&#8217;re in the right place. You&#8217;ll eat like a king for half the price of the front-row restaurants.&#8221; Find Quiet Hotels in Cambrils Hot<\/p>","protected":false},"author":1,"featured_media":0,"parent":0,"menu_order":0,"comment_status":"closed","ping_status":"closed","template":"","meta":{"_joinchat":[],"footnotes":""},"class_list":["post-1611","page","type-page","status-publish","hentry"],"_links":{"self":[{"href":"https:\/\/aitom-tourism.com\/es\/wp-json\/wp\/v2\/pages\/1611","targetHints":{"allow":["GET"]}}],"collection":[{"href":"https:\/\/aitom-tourism.com\/es\/wp-json\/wp\/v2\/pages"}],"about":[{"href":"https:\/\/aitom-tourism.com\/es\/wp-json\/wp\/v2\/types\/page"}],"author":[{"embeddable":true,"href":"https:\/\/aitom-tourism.com\/es\/wp-json\/wp\/v2\/users\/1"}],"replies":[{"embeddable":true,"href":"https:\/\/aitom-tourism.com\/es\/wp-json\/wp\/v2\/comments?post=1611"}],"version-history":[{"count":24,"href":"https:\/\/aitom-tourism.com\/es\/wp-json\/wp\/v2\/pages\/1611\/revisions"}],"predecessor-version":[{"id":1816,"href":"https:\/\/aitom-tourism.com\/es\/wp-json\/wp\/v2\/pages\/1611\/revisions\/1816"}],"wp:attachment":[{"href":"https:\/\/aitom-tourism.com\/es\/wp-json\/wp\/v2\/media?parent=1611"}],"curies":[{"name":"wp","href":"https:\/\/api.w.org\/{rel}","templated":true}]}}