{"id":1609,"date":"2026-04-17T11:32:19","date_gmt":"2026-04-17T09:32:19","guid":{"rendered":"https:\/\/aitom-tourism.com\/?page_id=1609"},"modified":"2026-04-21T22:33:20","modified_gmt":"2026-04-21T20:33:20","slug":"the-40e-day-masterpla","status":"publish","type":"page","link":"https:\/\/aitom-tourism.com\/es\/the-40e-day-masterpla\/","title":{"rendered":"The 40\u20ac Day Masterpla"},"content":{"rendered":"<div data-elementor-type=\"wp-page\" data-elementor-id=\"1609\" class=\"elementor elementor-1609\">\n\t\t\t\t<div class=\"elementor-element elementor-element-71cba09 e-flex e-con-boxed wpr-particle-no wpr-jarallax-no wpr-parallax-no wpr-sticky-section-no wpr-equal-height-no e-con e-parent\" data-id=\"71cba09\" data-element_type=\"container\" data-e-type=\"container\" data-settings=\"{&quot;background_background&quot;:&quot;classic&quot;}\">\n\t\t\t\t\t<div class=\"e-con-inner\">\n\t\t\t\t\t<\/div>\n\t\t\t\t<\/div>\n\t\t<div class=\"elementor-element elementor-element-964f7ca e-con-full e-flex wpr-particle-no wpr-jarallax-no wpr-parallax-no wpr-sticky-section-no wpr-equal-height-no e-con e-parent\" data-id=\"964f7ca\" data-element_type=\"container\" data-e-type=\"container\" data-settings=\"{&quot;background_background&quot;:&quot;classic&quot;}\">\n\t\t\t\t<div class=\"elementor-element elementor-element-3e39879 elementor-widget__width-auto elementor-widget elementor-widget-heading\" data-id=\"3e39879\" data-element_type=\"widget\" data-e-type=\"widget\" data-widget_type=\"heading.default\">\n\t\t\t\t<div class=\"elementor-widget-container\">\n\t\t\t\t\t<h1 class=\"elementor-heading-title elementor-size-default\">C\u00f3mo disfrutar de la Costa Daurada por solo 40\u20ac al d\u00eda<\/h1>\t\t\t\t<\/div>\n\t\t\t\t<\/div>\n\t\t\t\t<\/div>\n\t\t<div class=\"elementor-element elementor-element-5298e67 e-flex e-con-boxed wpr-particle-no wpr-jarallax-no wpr-parallax-no wpr-sticky-section-no wpr-equal-height-no e-con e-parent\" data-id=\"5298e67\" data-element_type=\"container\" data-e-type=\"container\">\n\t\t\t\t\t<div class=\"e-con-inner\">\n\t\t<div class=\"elementor-element elementor-element-ee4a99a e-con-full e-flex wpr-particle-no wpr-jarallax-no wpr-parallax-no wpr-sticky-section-no wpr-equal-height-no e-con e-child\" data-id=\"ee4a99a\" data-element_type=\"container\" data-e-type=\"container\">\n\t\t\t\t<div class=\"elementor-element elementor-element-bb1b257 elementor-widget elementor-widget-image\" data-id=\"bb1b257\" data-element_type=\"widget\" data-e-type=\"widget\" data-widget_type=\"image.default\">\n\t\t\t\t<div class=\"elementor-widget-container\">\n\t\t\t\t\t\t\t\t\t\t\t\t\t\t\t<img fetchpriority=\"high\" decoding=\"async\" width=\"960\" height=\"720\" src=\"https:\/\/aitom-tourism.com\/wp-content\/uploads\/2026\/04\/d4ht3wfpeewzdilundo6hw4fjq-1024x768.jpg\" class=\"attachment-large size-large wp-image-1637\" alt=\"\" srcset=\"https:\/\/aitom-tourism.com\/wp-content\/uploads\/2026\/04\/d4ht3wfpeewzdilundo6hw4fjq-1024x768.jpg 1024w, https:\/\/aitom-tourism.com\/wp-content\/uploads\/2026\/04\/d4ht3wfpeewzdilundo6hw4fjq-300x225.jpg 300w, https:\/\/aitom-tourism.com\/wp-content\/uploads\/2026\/04\/d4ht3wfpeewzdilundo6hw4fjq-768x576.jpg 768w, https:\/\/aitom-tourism.com\/wp-content\/uploads\/2026\/04\/d4ht3wfpeewzdilundo6hw4fjq-1536x1152.jpg 1536w, https:\/\/aitom-tourism.com\/wp-content\/uploads\/2026\/04\/d4ht3wfpeewzdilundo6hw4fjq.jpg 1960w\" sizes=\"(max-width: 960px) 100vw, 960px\" \/>\t\t\t\t\t\t\t\t\t\t\t\t\t\t\t<\/div>\n\t\t\t\t<\/div>\n\t\t\t\t<div class=\"elementor-element elementor-element-76edba9 elementor-widget elementor-widget-heading\" data-id=\"76edba9\" data-element_type=\"widget\" data-e-type=\"widget\" data-widget_type=\"heading.default\">\n\t\t\t\t<div class=\"elementor-widget-container\">\n\t\t\t\t\t<h2 class=\"elementor-heading-title elementor-size-default\">C\u00f3mo evitar las colas en PortAventura<\/h2>\t\t\t\t<\/div>\n\t\t\t\t<\/div>\n\t\t\t\t<div class=\"elementor-element elementor-element-1d1b848 elementor-align-center elementor-widget elementor-widget-button\" data-id=\"1d1b848\" data-element_type=\"widget\" data-e-type=\"widget\" data-widget_type=\"button.default\">\n\t\t\t\t<div class=\"elementor-widget-container\">\n\t\t\t\t\t\t\t\t\t<div class=\"elementor-button-wrapper\">\n\t\t\t\t\t<a class=\"elementor-button elementor-button-link elementor-size-sm\" href=\"https:\/\/www.getyourguide.com\" target=\"_blank\" rel=\"noopener\">\n\t\t\t\t\t\t<span class=\"elementor-button-content-wrapper\">\n\t\t\t\t\t\t\t\t\t<span class=\"elementor-button-text\">Get Your Mobile Ticket Now<\/span>\n\t\t\t\t\t<\/span>\n\t\t\t\t\t<\/a>\n\t\t\t\t<\/div>\n\t\t\t\t\t\t\t\t<\/div>\n\t\t\t\t<\/div>\n\t\t\t\t<\/div>\n\t\t<div class=\"elementor-element elementor-element-ea9b7ce e-con-full e-flex wpr-particle-no wpr-jarallax-no wpr-parallax-no wpr-sticky-section-no wpr-equal-height-no e-con e-child\" data-id=\"ea9b7ce\" data-element_type=\"container\" data-e-type=\"container\">\n\t\t<div class=\"elementor-element elementor-element-b522ac7 e-con-full e-flex wpr-particle-no wpr-jarallax-no wpr-parallax-no wpr-sticky-section-no wpr-equal-height-no e-con e-child\" data-id=\"b522ac7\" data-element_type=\"container\" data-e-type=\"container\">\n\t\t\t\t<div class=\"elementor-element elementor-element-751f34f wpr-icon-box-center elementor-widget elementor-widget-wpr-icon-box\" data-id=\"751f34f\" data-element_type=\"widget\" data-e-type=\"widget\" data-widget_type=\"wpr-icon-box.default\">\n\t\t\t\t<div class=\"elementor-widget-container\">\n\t\t\t\t\t<div class=\"wpr-icon-box-wrap\" enable-tilt=\"\" tilt-base=\"\" tilt-interaction=\"default\" tilt-disable=\"\" tilt-easing=\"linear\"><div class=\"wpr-icon-box wpr-animation-wrap\"><div class=\"wpr-icon-box-media-wrap\"><div class=\"wpr-icon-box-icon-inner-wrap\"><i aria-hidden=\"true\" class=\"fas fa-car-side\"><\/i><\/div><\/div><div class=\"wpr-icon-box-content-wrap\"><h2 class=\"wpr-icon-box-title\">El truco del aeropuerto de Reus<\/h2><p class=\"wpr-icon-box-description\">\"Los locales nunca hacen cola en las oficinas de alquiler. Nosotros usamos aplicaciones de coche compartido como Getaround o Amovens. \u00bfLo mejor? Solo tienes que ir al aparcamiento del aeropuerto y abrir el coche con tu m\u00f3vil: sin llaves y sin esperas. \u00a1Usa mi enlace de invitaci\u00f3n a continuaci\u00f3n para obtener un descuento en tu primer trayecto!<\/p><div class=\"wpr-icon-box-btn-wrap\"><a class=\"wpr-icon-box-btn\" href=\"https:\/\/www.getaround.com\" target=\"_blank\" rel=\"nofollow noopener\"><span class=\"wpr-icon-box-btn-text\">Consigue tu descuento y desbloquea el coche<\/span><\/a><\/div><\/div><\/div>\n\t\t\t<div class=\"wpr-icon-box-badge wpr-icon-box-badge-corner wpr-icon-box-badge-right\">\n\t\t\t\t<div class=\"wpr-icon-box-badge-inner\">Hot<\/div>\n\t\t\t<\/div>\n\t\t<\/div>\t\t\t\t<\/div>\n\t\t\t\t<\/div>\n\t\t\t\t<\/div>\n\t\t<div class=\"elementor-element elementor-element-3ceb08e e-con-full e-flex wpr-particle-no wpr-jarallax-no wpr-parallax-no wpr-sticky-section-no wpr-equal-height-no e-con e-child\" data-id=\"3ceb08e\" data-element_type=\"container\" data-e-type=\"container\">\n\t\t\t\t<div class=\"elementor-element elementor-element-f3e3a01 wpr-icon-box-center elementor-widget elementor-widget-wpr-icon-box\" data-id=\"f3e3a01\" data-element_type=\"widget\" data-e-type=\"widget\" data-widget_type=\"wpr-icon-box.default\">\n\t\t\t\t<div class=\"elementor-widget-container\">\n\t\t\t\t\t<div class=\"wpr-icon-box-wrap\" enable-tilt=\"\" tilt-base=\"\" tilt-interaction=\"default\" tilt-disable=\"\" tilt-easing=\"linear\"><div class=\"wpr-icon-box wpr-animation-wrap\"><div class=\"wpr-icon-box-media-wrap\"><div class=\"wpr-icon-box-icon-inner-wrap\"><i aria-hidden=\"true\" class=\"fas fa-bed\"><\/i><\/div><\/div><div class=\"wpr-icon-box-content-wrap\"><h2 class=\"wpr-icon-box-title\">Hoteles secretos y estancias tranquilas<\/h2><p class=\"wpr-icon-box-description\"> \"No pagues de m\u00e1s por hoteles masificados frente al mar. Descubre alojamientos locales limpios, econ\u00f3micos y tranquilos.\"<\/p><div class=\"wpr-icon-box-btn-wrap\"><a class=\"wpr-icon-box-btn\" href=\"https:\/\/www.booking.com\" target=\"_blank\" rel=\"nofollow noopener\"><span class=\"wpr-icon-box-btn-text\">Discover Secret Hotels<\/span><\/a><\/div><\/div><\/div>\n\t\t\t<div class=\"wpr-icon-box-badge wpr-icon-box-badge-corner wpr-icon-box-badge-right\">\n\t\t\t\t<div class=\"wpr-icon-box-badge-inner\">Hot<\/div>\n\t\t\t<\/div>\n\t\t<\/div>\t\t\t\t<\/div>\n\t\t\t\t<\/div>\n\t\t\t\t<\/div>\n\t\t\t\t<\/div>\n\t\t\t\t\t<\/div>\n\t\t\t\t<\/div>\n\t\t<div class=\"elementor-element elementor-element-fadffdd e-flex e-con-boxed wpr-particle-no wpr-jarallax-no wpr-parallax-no wpr-sticky-section-no wpr-equal-height-no e-con e-parent\" data-id=\"fadffdd\" data-element_type=\"container\" data-e-type=\"container\">\n\t\t\t\t\t<div class=\"e-con-inner\">\n\t\t\t\t<div class=\"elementor-element elementor-element-a2f259c elementor-widget elementor-widget-heading\" data-id=\"a2f259c\" data-element_type=\"widget\" data-e-type=\"widget\" data-widget_type=\"heading.default\">\n\t\t\t\t<div class=\"elementor-widget-container\">\n\t\t\t\t\t<h2 class=\"elementor-heading-title elementor-size-default\">C\u00f3mo paso un d\u00eda perfecto por 40\u20ac (Mi ruta secreta)<\/h2>\t\t\t\t<\/div>\n\t\t\t\t<\/div>\n\t\t\t\t\t<\/div>\n\t\t\t\t<\/div>\n\t\t<div class=\"elementor-element elementor-element-adf99ee e-flex e-con-boxed wpr-particle-no wpr-jarallax-no wpr-parallax-no wpr-sticky-section-no wpr-equal-height-no e-con e-parent\" data-id=\"adf99ee\" data-element_type=\"container\" data-e-type=\"container\">\n\t\t\t\t\t<div class=\"e-con-inner\">\n\t\t\t\t<div class=\"elementor-element elementor-element-590f250 wpr-icon-box-center elementor-widget elementor-widget-wpr-icon-box\" data-id=\"590f250\" data-element_type=\"widget\" data-e-type=\"widget\" data-widget_type=\"wpr-icon-box.default\">\n\t\t\t\t<div class=\"elementor-widget-container\">\n\t\t\t\t\t<div class=\"wpr-icon-box-wrap\" enable-tilt=\"\" tilt-base=\"\" tilt-interaction=\"default\" tilt-disable=\"\" tilt-easing=\"linear\"><div class=\"wpr-icon-box wpr-animation-wrap\"><div class=\"wpr-icon-box-media-wrap\"><div class=\"wpr-icon-box-icon-inner-wrap\"><i aria-hidden=\"true\" class=\"fas fa-coffee\"><\/i><\/div><\/div><div class=\"wpr-icon-box-content-wrap\"><h2 class=\"wpr-icon-box-title\"> 09:00 AM - Mi ritual matutino en Reus<\/h2><p class=\"wpr-icon-box-description\">\"Siempre evito los desayunos caros de los hoteles. En su lugar, prefiero bajar por el Carrer de Llovera en Reus. Me tomo un caf\u00e9 bien cargado y un dulce reci\u00e9n hecho en una panader\u00eda local cerca de la Pla\u00e7a del Mercadal por solo 4\u20ac. Despu\u00e9s, tomo el autob\u00fas de Plana (2,50\u20ac) que va directo a Salou.\"<\/p><\/div><\/div><\/div>\t\t\t\t<\/div>\n\t\t\t\t<\/div>\n\t\t\t\t<div class=\"elementor-element elementor-element-f48c62d wpr-icon-box-center elementor-widget elementor-widget-wpr-icon-box\" data-id=\"f48c62d\" data-element_type=\"widget\" data-e-type=\"widget\" data-widget_type=\"wpr-icon-box.default\">\n\t\t\t\t<div class=\"elementor-widget-container\">\n\t\t\t\t\t<div class=\"wpr-icon-box-wrap\" enable-tilt=\"\" tilt-base=\"\" tilt-interaction=\"default\" tilt-disable=\"\" tilt-easing=\"linear\"><div class=\"wpr-icon-box wpr-animation-wrap\"><div class=\"wpr-icon-box-media-wrap\"><div class=\"wpr-icon-box-icon-inner-wrap\"><i aria-hidden=\"true\" class=\"fas fa-umbrella-beach\"><\/i><\/div><\/div><div class=\"wpr-icon-box-content-wrap\"><h2 class=\"wpr-icon-box-title\">11:30AM - Mi escapada secreta en Salou**<\/h2><p class=\"wpr-icon-box-description\">Whenever I see tourists cramming onto Llevant beach, I smile and keep walking. I take the coastal path (Cam\u00ed de Ronda) straight to Cala Crancs. It\u2019s a hidden gem surrounded by pine trees. Zero entrance fee, pure crystal-clear water, and total peace.<\/p><\/div><\/div><\/div>\t\t\t\t<\/div>\n\t\t\t\t<\/div>\n\t\t\t\t<div class=\"elementor-element elementor-element-a40ca24 wpr-icon-box-center elementor-widget elementor-widget-wpr-icon-box\" data-id=\"a40ca24\" data-element_type=\"widget\" data-e-type=\"widget\" data-widget_type=\"wpr-icon-box.default\">\n\t\t\t\t<div class=\"elementor-widget-container\">\n\t\t\t\t\t<div class=\"wpr-icon-box-wrap\" enable-tilt=\"\" tilt-base=\"\" tilt-interaction=\"default\" tilt-disable=\"\" tilt-easing=\"linear\"><div class=\"wpr-icon-box wpr-animation-wrap\"><div class=\"wpr-icon-box-media-wrap\"><div class=\"wpr-icon-box-icon-inner-wrap\"><i aria-hidden=\"true\" class=\"fas fa-utensils\"><\/i><\/div><\/div><div class=\"wpr-icon-box-content-wrap\"><h2 class=\"wpr-icon-box-title\">14:00 AM - El truco del \"Men\u00fa del d\u00eda\" en Cambrils**<\/h2><p class=\"wpr-icon-box-description\">A las 14:00, me muero de hambre. Cojo el autob\u00fas hacia Cambrils (2,50\u20ac). Regla de oro: nunca como justo en primera l\u00ednea del puerto. Camino tres calles hacia el interior, hacia el Carrer de les Barques. All\u00ed me siento con los locales y pido el \"Men\u00fa del d\u00eda\". Por exactamente 15\u20ac, tengo un entrante, pescado fresco del d\u00eda, postre y bebida. Insuperable.<\/p><\/div><\/div><\/div>\t\t\t\t<\/div>\n\t\t\t\t<\/div>\n\t\t\t\t<div class=\"elementor-element elementor-element-2537062 wpr-icon-box-center elementor-widget elementor-widget-wpr-icon-box\" data-id=\"2537062\" data-element_type=\"widget\" data-e-type=\"widget\" data-widget_type=\"wpr-icon-box.default\">\n\t\t\t\t<div class=\"elementor-widget-container\">\n\t\t\t\t\t<div class=\"wpr-icon-box-wrap\" enable-tilt=\"\" tilt-base=\"\" tilt-interaction=\"default\" tilt-disable=\"\" tilt-easing=\"linear\"><div class=\"wpr-icon-box wpr-animation-wrap\"><div class=\"wpr-icon-box-media-wrap\"><div class=\"wpr-icon-box-icon-inner-wrap\"><i aria-hidden=\"true\" class=\"fas fa-glass-martini-alt\"><\/i><\/div><\/div><div class=\"wpr-icon-box-content-wrap\"><h2 class=\"wpr-icon-box-title\">20:00 - Tapas y relax al estilo local**<\/h2><p class=\"wpr-icon-box-description\">Vuelvo a Salou en autob\u00fas (2,50\u20ac) mientras se pone el sol. Evito las trampas para turistas llenas de luces de ne\u00f3n y me dirijo al Carrer de Barcelona. Busco una mesa en una peque\u00f1a bodega del barrio. Una bebida fr\u00eda y dos raciones generosas de tapas aut\u00e9nticas me cuestan unos 13,50\u20ac. \u00a1Eso hace que mi d\u00eda completo sea exactamente 40\u20ac!<\/p><\/div><\/div><\/div>\t\t\t\t<\/div>\n\t\t\t\t<\/div>\n\t\t\t\t\t<\/div>\n\t\t\t\t<\/div>\n\t\t\t\t<\/div>","protected":false},"excerpt":{"rendered":"<p>How to Experience Costa Daurada for Just \u20ac40 a Day How to Skip the Lines at PortAventura Get Your Mobile Ticket Now The Reus Airport Hack Locals never wait at rental desks. We use car-sharing apps like Getaround or Amovens. The craziest part? You just walk to the airport parking lot and unlock the car with your phone\u2014no keys, no waiting. Grab my invite link below for a discount on your first ride! Get Discount &#038; Unlock a Car Hot Secret Hotels &amp; Quiet Stays Don\u2019t overpay for crowded beachfront resorts. Discover clean, affordable, and peaceful local stays. Discover Secret Hotels Hot How I Spend a Perfect Day for 40\u20ac (My Secret Route) 09:00 AM &#8211; My Morning Ritual in Reus I always skip the overpriced hotel breakfasts. Instead, I walk down Carrer de Llovera in Reus. I grab a strong coffee and a fresh pastry at a local bakery near Pla\u00e7a del Mercadal for just 4\u20ac. Then, I jump on the Plana Bus (2.50\u20ac) heading straight to Salou. 11:30 AM &#8211; My Secret Salou Escape Whenever I see tourists cramming onto Llevant beach, I smile and keep walking. I take the coastal path (Cam\u00ed de Ronda) straight to Cala Crancs. It\u2019s a hidden gem surrounded by pine trees. Zero entrance fee, pure crystal-clear water, and total peace. 02:00 PM &#8211; The &#8220;Menu del D\u00eda&#8221; Trick in Cambrils By 2 PM, I&#8217;m starving. I take the bus to Cambrils (2.50\u20ac). Rule number one: I never eat right in front of the port. I walk three streets back towards Carrer de les Barques. Here, I sit with the locals and order the &#8216;Menu del D\u00eda&#8217;. For exactly 15\u20ac, I get a starter, fresh fish of the day, dessert, and a drink. Unbeatable. 08:00 PM &#8211; Tapas &amp; Chill like a Local I ride the bus back to Salou (2.50\u20ac) as the sun sets. I avoid the neon-lit tourist traps and head towards Carrer de Barcelona. I grab a table at a small neighborhood Bodega. A cold drink and two generous portions of authentic tapas cost me around 13.50\u20ac. That brings my entire day to exactly 40\u20ac!<\/p>","protected":false},"author":1,"featured_media":0,"parent":0,"menu_order":0,"comment_status":"closed","ping_status":"closed","template":"","meta":{"_joinchat":[],"footnotes":""},"class_list":["post-1609","page","type-page","status-publish","hentry"],"_links":{"self":[{"href":"https:\/\/aitom-tourism.com\/es\/wp-json\/wp\/v2\/pages\/1609","targetHints":{"allow":["GET"]}}],"collection":[{"href":"https:\/\/aitom-tourism.com\/es\/wp-json\/wp\/v2\/pages"}],"about":[{"href":"https:\/\/aitom-tourism.com\/es\/wp-json\/wp\/v2\/types\/page"}],"author":[{"embeddable":true,"href":"https:\/\/aitom-tourism.com\/es\/wp-json\/wp\/v2\/users\/1"}],"replies":[{"embeddable":true,"href":"https:\/\/aitom-tourism.com\/es\/wp-json\/wp\/v2\/comments?post=1609"}],"version-history":[{"count":13,"href":"https:\/\/aitom-tourism.com\/es\/wp-json\/wp\/v2\/pages\/1609\/revisions"}],"predecessor-version":[{"id":1891,"href":"https:\/\/aitom-tourism.com\/es\/wp-json\/wp\/v2\/pages\/1609\/revisions\/1891"}],"wp:attachment":[{"href":"https:\/\/aitom-tourism.com\/es\/wp-json\/wp\/v2\/media?parent=1609"}],"curies":[{"name":"wp","href":"https:\/\/api.w.org\/{rel}","templated":true}]}}